{"id":4123,"date":"2024-10-29T19:38:59","date_gmt":"2024-10-29T18:38:59","guid":{"rendered":"https:\/\/mariaclaraames.com\/book-chapters\/"},"modified":"2025-04-26T10:11:54","modified_gmt":"2025-04-26T09:11:54","slug":"book-chapters","status":"publish","type":"page","link":"https:\/\/mariaclaraames.com\/en\/publications\/book-chapters\/","title":{"rendered":"Book Chapters"},"content":{"rendered":"<section class=\"l-section wpb_row us_custom_703b2333 height_auto\"><div class=\"l-section-h i-cf\"><div class=\"g-cols vc_row via_grid cols_1 laptops-cols_inherit tablets-cols_inherit mobiles-cols_1 valign_top type_default stacking_default\"><div class=\"wpb_column vc_column_container\"><div class=\"vc_column-inner\"><div class=\"w-html\"><\/div><h1 class=\"w-post-elm post_title us_custom_ba205bf8 entry-title color_link_inherit\">Book Chapters<\/h1>\n<\/div><\/div><\/div><\/div><\/section><section class=\"l-section wpb_row height_small\"><div class=\"l-section-h i-cf\"><div class=\"g-cols vc_row via_grid cols_1 laptops-cols_inherit tablets-cols_inherit mobiles-cols_1 valign_top type_default stacking_default\"><div class=\"wpb_column vc_column_container\"><div class=\"vc_column-inner\"><div class=\"w-grid type_grid layout_3405 cols_1 pagination_regular\" id=\"us_grid_1\" style=\"--columns:1;--gap:1.5rem;\" data-filterable=\"true\"><style>.layout_3405 .w-grid-item-h{border-radius:0.3rem;box-shadow:0 0rem 0rem rgba(0,0,0,0.1),0 0rem 0rem rgba(0,0,0,0.1);transition-duration:0.3s}.no-touch .layout_3405 .w-grid-item-h:hover{box-shadow:0 0.2rem 0.4rem rgba(0,0,0,0.1),0 0.67rem 2rem rgba(0,0,0,0.15);z-index:4}.layout_3405 .usg_vwrapper_1{transition-duration:0.3s;transform-origin:50% 50%;transform:scale(1) translate(0%,0%)}.layout_3405 .w-grid-item-h:hover .usg_vwrapper_1{transform:scale(1) translate(0%,0%);opacity:1;border-color:transparent!important}.layout_3405 .usg_vwrapper_1{border-radius:0.3rem!important;padding:1rem!important;border:1px solid var(--color-content-border)!important}.layout_3405 .usg_post_title_1{font-size:1.7rem!important;font-weight:700!important}.layout_3405 .usg_post_taxonomy_1{font-weight:700!important;text-transform:uppercase!important;font-size:14px!important}.layout_3405 .usg_post_date_1{font-size:14px!important}<\/style><div class=\"w-grid-list\">\t<article class=\"w-grid-item size_1x1 post-4367 capitulo-de-livro type-capitulo-de-livro status-publish format-standard hentry\" data-id=\"4367\">\r\n\t\t<div class=\"w-grid-item-h\">\r\n\t\t\t\t\t\t<div class=\"w-vwrapper usg_vwrapper_1 align_none valign_middle has-link\" style=\"--vwrapper-gap:0.5rem\"><h2 class=\"w-post-elm post_title usg_post_title_1 entry-title color_link_inherit\"><a href=\"https:\/\/mariaclaraames.com\/en\/capitulo-de-livro\/a-virtue-ethics-perspective-on-organizational-integrity\/\">A virtue ethics perspective on organizational integrity<\/a><\/h2><time class=\"w-post-elm post_date usg_post_date_1 entry-date published\" datetime=\"2024-04-02T20:12:00+01:00\">2 de April de 2024<\/time><a href=\"https:\/\/mariaclaraames.com\/en\/capitulo-de-livro\/a-virtue-ethics-perspective-on-organizational-integrity\/\" class=\"w-vwrapper-link smooth-scroll\" aria-label=\"Link\"><\/a><\/div>\t\t<\/div>\r\n\t\t\t<\/article>\r\n\t<article class=\"w-grid-item size_1x1 post-4368 capitulo-de-livro type-capitulo-de-livro status-publish format-standard hentry\" data-id=\"4368\">\r\n\t\t<div class=\"w-grid-item-h\">\r\n\t\t\t\t\t\t<div class=\"w-vwrapper usg_vwrapper_1 align_none valign_middle has-link\" style=\"--vwrapper-gap:0.5rem\"><h2 class=\"w-post-elm post_title usg_post_title_1 entry-title color_link_inherit\"><a href=\"https:\/\/mariaclaraames.com\/en\/capitulo-de-livro\/virtue-ethics-in-administration-a-brief-introduction\/\">Virtue ethics in administration: a brief introduction<\/a><\/h2><time class=\"w-post-elm post_date usg_post_date_1 entry-date published\" datetime=\"2020-10-09T20:23:00+01:00\">9 de October de 2020<\/time><a href=\"https:\/\/mariaclaraames.com\/en\/capitulo-de-livro\/virtue-ethics-in-administration-a-brief-introduction\/\" class=\"w-vwrapper-link smooth-scroll\" aria-label=\"Link\"><\/a><\/div>\t\t<\/div>\r\n\t\t\t<\/article>\r\n\t<article class=\"w-grid-item size_1x1 post-4370 capitulo-de-livro type-capitulo-de-livro status-publish format-standard hentry\" data-id=\"4370\">\r\n\t\t<div class=\"w-grid-item-h\">\r\n\t\t\t\t\t\t<div class=\"w-vwrapper usg_vwrapper_1 align_none valign_middle has-link\" style=\"--vwrapper-gap:0.5rem\"><h2 class=\"w-post-elm post_title usg_post_title_1 entry-title color_link_inherit\"><a href=\"https:\/\/mariaclaraames.com\/en\/capitulo-de-livro\/alasdair-macintyres-ethics-for-analyzing-the-judicialization-of-politics-in-the-supreme-court\/\">Alasdair MacIntyre&#8217;s ethics for analyzing the judicialization of politics in the Supreme Court<\/a><\/h2><time class=\"w-post-elm post_date usg_post_date_1 entry-date published\" datetime=\"2020-10-08T22:06:00+01:00\">8 de October de 2020<\/time><a href=\"https:\/\/mariaclaraames.com\/en\/capitulo-de-livro\/alasdair-macintyres-ethics-for-analyzing-the-judicialization-of-politics-in-the-supreme-court\/\" class=\"w-vwrapper-link smooth-scroll\" aria-label=\"Link\"><\/a><\/div>\t\t<\/div>\r\n\t\t\t<\/article>\r\n\t<article class=\"w-grid-item size_1x1 post-4372 capitulo-de-livro type-capitulo-de-livro status-publish format-standard hentry\" data-id=\"4372\">\r\n\t\t<div class=\"w-grid-item-h\">\r\n\t\t\t\t\t\t<div class=\"w-vwrapper usg_vwrapper_1 align_none valign_middle has-link\" style=\"--vwrapper-gap:0.5rem\"><h2 class=\"w-post-elm post_title usg_post_title_1 entry-title color_link_inherit\"><a href=\"https:\/\/mariaclaraames.com\/en\/capitulo-de-livro\/organizational-technology-focused-on-praxis-practical-wisdom-as-a-guide-to-ethically-sound-techniques-in-organizations\/\">Organizational technology focused on praxis: practical wisdom as a guide to ethically sound techniques in organizations<\/a><\/h2><time class=\"w-post-elm post_date usg_post_date_1 entry-date published\" datetime=\"2020-10-08T21:20:00+01:00\">8 de October de 2020<\/time><a href=\"https:\/\/mariaclaraames.com\/en\/capitulo-de-livro\/organizational-technology-focused-on-praxis-practical-wisdom-as-a-guide-to-ethically-sound-techniques-in-organizations\/\" class=\"w-vwrapper-link smooth-scroll\" aria-label=\"Link\"><\/a><\/div>\t\t<\/div>\r\n\t\t\t<\/article>\r\n<\/div><div class=\"w-grid-preloader\">\t<div class=\"g-preloader type_1\">\r\n\t\t<div><\/div>\r\n\t<\/div>\r\n\t<\/div>\t<div class=\"w-grid-json hidden\" onclick='return {&quot;action&quot;:&quot;us_ajax_grid&quot;,&quot;infinite_scroll&quot;:0,&quot;max_num_pages&quot;:1,&quot;pagination&quot;:&quot;regular&quot;,&quot;template_vars&quot;:{&quot;columns&quot;:&quot;1&quot;,&quot;exclude_items&quot;:&quot;none&quot;,&quot;img_size&quot;:&quot;default&quot;,&quot;ignore_items_size&quot;:0,&quot;items_layout&quot;:&quot;3405&quot;,&quot;items_offset&quot;:&quot;1&quot;,&quot;load_animation&quot;:&quot;none&quot;,&quot;overriding_link&quot;:&quot;{\\&quot;url\\&quot;:\\&quot;\\&quot;}&quot;,&quot;post_id&quot;:0,&quot;query_args&quot;:{&quot;post_type&quot;:[&quot;capitulo-de-livro&quot;],&quot;post_status&quot;:[&quot;publish&quot;,&quot;acf-disabled&quot;],&quot;posts_per_page&quot;:&quot;30&quot;},&quot;orderby_query_args&quot;:{&quot;orderby&quot;:{&quot;date&quot;:&quot;DESC&quot;}},&quot;type&quot;:&quot;grid&quot;,&quot;us_grid_post_type&quot;:&quot;capitulo-de-livro&quot;,&quot;us_grid_ajax_index&quot;:1,&quot;us_grid_filter_query_string&quot;:null,&quot;us_grid_index&quot;:1,&quot;page_args&quot;:[],&quot;lang&quot;:&quot;en&quot;}}'><\/div>\r\n\t<\/div><\/div><\/div><\/div><\/div><\/section>\n","protected":false},"excerpt":{"rendered":"","protected":false},"author":2,"featured_media":0,"parent":4136,"menu_order":1,"comment_status":"closed","ping_status":"closed","template":"","meta":{"_acf_changed":false,"footnotes":""},"class_list":["post-4123","page","type-page","status-publish","hentry"],"acf":[],"yoast_head":"<!-- This site is optimized with the Yoast SEO plugin v27.2 - https:\/\/yoast.com\/product\/yoast-seo-wordpress\/ -->\n<title>Book Chapters - Maria Clara Ames<\/title>\n<meta name=\"robots\" content=\"index, follow, max-snippet:-1, max-image-preview:large, max-video-preview:-1\" \/>\n<link rel=\"canonical\" href=\"https:\/\/mariaclaraames.com\/en\/publications\/book-chapters\/\" \/>\n<meta property=\"og:locale\" content=\"en_US\" \/>\n<meta property=\"og:type\" content=\"article\" \/>\n<meta property=\"og:title\" content=\"Book Chapters - Maria Clara Ames\" \/>\n<meta property=\"og:url\" content=\"https:\/\/mariaclaraames.com\/en\/publications\/book-chapters\/\" \/>\n<meta property=\"og:site_name\" content=\"Maria Clara Ames\" \/>\n<meta property=\"article:modified_time\" content=\"2025-04-26T09:11:54+00:00\" \/>\n<meta property=\"og:image\" content=\"https:\/\/mariaclaraames.com\/wp-content\/uploads\/2024\/11\/logo-maria-clara-ames-h-g-white.png\" \/>\n\t<meta property=\"og:image:width\" content=\"1500\" \/>\n\t<meta property=\"og:image:height\" content=\"630\" \/>\n\t<meta property=\"og:image:type\" content=\"image\/png\" \/>\n<meta name=\"twitter:card\" content=\"summary_large_image\" \/>\n<meta name=\"twitter:site\" content=\"@mariaclaraames\" \/>\n<script type=\"application\/ld+json\" class=\"yoast-schema-graph\">{\"@context\":\"https:\/\/schema.org\",\"@graph\":[{\"@type\":\"WebPage\",\"@id\":\"https:\/\/mariaclaraames.com\/en\/publications\/book-chapters\/\",\"url\":\"https:\/\/mariaclaraames.com\/en\/publications\/book-chapters\/\",\"name\":\"Book Chapters - Maria Clara Ames\",\"isPartOf\":{\"@id\":\"https:\/\/mariaclaraames.com\/en\/#website\"},\"datePublished\":\"2024-10-29T18:38:59+00:00\",\"dateModified\":\"2025-04-26T09:11:54+00:00\",\"breadcrumb\":{\"@id\":\"https:\/\/mariaclaraames.com\/en\/publications\/book-chapters\/#breadcrumb\"},\"inLanguage\":\"en-US\",\"potentialAction\":[{\"@type\":\"ReadAction\",\"target\":[\"https:\/\/mariaclaraames.com\/en\/publications\/book-chapters\/\"]}]},{\"@type\":\"BreadcrumbList\",\"@id\":\"https:\/\/mariaclaraames.com\/en\/publications\/book-chapters\/#breadcrumb\",\"itemListElement\":[{\"@type\":\"ListItem\",\"position\":1,\"name\":\"Publications\",\"item\":\"https:\/\/mariaclaraames.com\/en\/publications\/\"},{\"@type\":\"ListItem\",\"position\":2,\"name\":\"Book Chapters\"}]},{\"@type\":\"WebSite\",\"@id\":\"https:\/\/mariaclaraames.com\/en\/#website\",\"url\":\"https:\/\/mariaclaraames.com\/en\/\",\"name\":\"Maria Clara Ames\",\"description\":\"Administra\u00e7\u00e3o, \u00e9tica e empreendedorismo.\",\"publisher\":{\"@id\":\"https:\/\/mariaclaraames.com\/en\/#\/schema\/person\/fcb70a5e8c410ce5d393f4316f205b4c\"},\"alternateName\":\"Maria Clara\",\"potentialAction\":[{\"@type\":\"SearchAction\",\"target\":{\"@type\":\"EntryPoint\",\"urlTemplate\":\"https:\/\/mariaclaraames.com\/en\/?s={search_term_string}\"},\"query-input\":{\"@type\":\"PropertyValueSpecification\",\"valueRequired\":true,\"valueName\":\"search_term_string\"}}],\"inLanguage\":\"en-US\"},{\"@type\":[\"Person\",\"Organization\"],\"@id\":\"https:\/\/mariaclaraames.com\/en\/#\/schema\/person\/fcb70a5e8c410ce5d393f4316f205b4c\",\"name\":\"Maria Clara Ames\",\"image\":{\"@type\":\"ImageObject\",\"inLanguage\":\"en-US\",\"@id\":\"https:\/\/mariaclaraames.com\/wp-content\/uploads\/2024\/11\/maria-clara-1-e1730803997307.jpg\",\"url\":\"https:\/\/mariaclaraames.com\/wp-content\/uploads\/2024\/11\/maria-clara-1-e1730803997307.jpg\",\"contentUrl\":\"https:\/\/mariaclaraames.com\/wp-content\/uploads\/2024\/11\/maria-clara-1-e1730803997307.jpg\",\"width\":512,\"height\":512,\"caption\":\"Maria Clara Ames\"},\"logo\":{\"@id\":\"https:\/\/mariaclaraames.com\/wp-content\/uploads\/2024\/11\/maria-clara-1-e1730803997307.jpg\"},\"description\":\"Doutora em Administra\u00e7\u00e3o, Especialista em \u00e9tica das virtudes. \u00c1reas de interesse: virtudes, desenvolvimento moral, \u00e9tica empresarial\",\"sameAs\":[\"https:\/\/www.instagram.com\/amesmariaclara\/\",\"https:\/\/www.linkedin.com\/in\/mariaclaraames\/\",\"https:\/\/x.com\/mariaclaraames\",\"https:\/\/www.youtube.com\/@mariaclaraames\"]}]}<\/script>\n<!-- \/ Yoast SEO plugin. -->","yoast_head_json":{"title":"Book Chapters - Maria Clara Ames","robots":{"index":"index","follow":"follow","max-snippet":"max-snippet:-1","max-image-preview":"max-image-preview:large","max-video-preview":"max-video-preview:-1"},"canonical":"https:\/\/mariaclaraames.com\/en\/publications\/book-chapters\/","og_locale":"en_US","og_type":"article","og_title":"Book Chapters - Maria Clara Ames","og_url":"https:\/\/mariaclaraames.com\/en\/publications\/book-chapters\/","og_site_name":"Maria Clara Ames","article_modified_time":"2025-04-26T09:11:54+00:00","og_image":[{"width":1500,"height":630,"url":"https:\/\/mariaclaraames.com\/wp-content\/uploads\/2024\/11\/logo-maria-clara-ames-h-g-white.png","type":"image\/png"}],"twitter_card":"summary_large_image","twitter_site":"@mariaclaraames","schema":{"@context":"https:\/\/schema.org","@graph":[{"@type":"WebPage","@id":"https:\/\/mariaclaraames.com\/en\/publications\/book-chapters\/","url":"https:\/\/mariaclaraames.com\/en\/publications\/book-chapters\/","name":"Book Chapters - Maria Clara Ames","isPartOf":{"@id":"https:\/\/mariaclaraames.com\/en\/#website"},"datePublished":"2024-10-29T18:38:59+00:00","dateModified":"2025-04-26T09:11:54+00:00","breadcrumb":{"@id":"https:\/\/mariaclaraames.com\/en\/publications\/book-chapters\/#breadcrumb"},"inLanguage":"en-US","potentialAction":[{"@type":"ReadAction","target":["https:\/\/mariaclaraames.com\/en\/publications\/book-chapters\/"]}]},{"@type":"BreadcrumbList","@id":"https:\/\/mariaclaraames.com\/en\/publications\/book-chapters\/#breadcrumb","itemListElement":[{"@type":"ListItem","position":1,"name":"Publications","item":"https:\/\/mariaclaraames.com\/en\/publications\/"},{"@type":"ListItem","position":2,"name":"Book Chapters"}]},{"@type":"WebSite","@id":"https:\/\/mariaclaraames.com\/en\/#website","url":"https:\/\/mariaclaraames.com\/en\/","name":"Maria Clara Ames","description":"Administra\u00e7\u00e3o, \u00e9tica e empreendedorismo.","publisher":{"@id":"https:\/\/mariaclaraames.com\/en\/#\/schema\/person\/fcb70a5e8c410ce5d393f4316f205b4c"},"alternateName":"Maria Clara","potentialAction":[{"@type":"SearchAction","target":{"@type":"EntryPoint","urlTemplate":"https:\/\/mariaclaraames.com\/en\/?s={search_term_string}"},"query-input":{"@type":"PropertyValueSpecification","valueRequired":true,"valueName":"search_term_string"}}],"inLanguage":"en-US"},{"@type":["Person","Organization"],"@id":"https:\/\/mariaclaraames.com\/en\/#\/schema\/person\/fcb70a5e8c410ce5d393f4316f205b4c","name":"Maria Clara Ames","image":{"@type":"ImageObject","inLanguage":"en-US","@id":"https:\/\/mariaclaraames.com\/wp-content\/uploads\/2024\/11\/maria-clara-1-e1730803997307.jpg","url":"https:\/\/mariaclaraames.com\/wp-content\/uploads\/2024\/11\/maria-clara-1-e1730803997307.jpg","contentUrl":"https:\/\/mariaclaraames.com\/wp-content\/uploads\/2024\/11\/maria-clara-1-e1730803997307.jpg","width":512,"height":512,"caption":"Maria Clara Ames"},"logo":{"@id":"https:\/\/mariaclaraames.com\/wp-content\/uploads\/2024\/11\/maria-clara-1-e1730803997307.jpg"},"description":"Doutora em Administra\u00e7\u00e3o, Especialista em \u00e9tica das virtudes. \u00c1reas de interesse: virtudes, desenvolvimento moral, \u00e9tica empresarial","sameAs":["https:\/\/www.instagram.com\/amesmariaclara\/","https:\/\/www.linkedin.com\/in\/mariaclaraames\/","https:\/\/x.com\/mariaclaraames","https:\/\/www.youtube.com\/@mariaclaraames"]}]}},"_links":{"self":[{"href":"https:\/\/mariaclaraames.com\/en\/wp-json\/wp\/v2\/pages\/4123","targetHints":{"allow":["GET"]}}],"collection":[{"href":"https:\/\/mariaclaraames.com\/en\/wp-json\/wp\/v2\/pages"}],"about":[{"href":"https:\/\/mariaclaraames.com\/en\/wp-json\/wp\/v2\/types\/page"}],"author":[{"embeddable":true,"href":"https:\/\/mariaclaraames.com\/en\/wp-json\/wp\/v2\/users\/2"}],"replies":[{"embeddable":true,"href":"https:\/\/mariaclaraames.com\/en\/wp-json\/wp\/v2\/comments?post=4123"}],"version-history":[{"count":1,"href":"https:\/\/mariaclaraames.com\/en\/wp-json\/wp\/v2\/pages\/4123\/revisions"}],"predecessor-version":[{"id":4125,"href":"https:\/\/mariaclaraames.com\/en\/wp-json\/wp\/v2\/pages\/4123\/revisions\/4125"}],"up":[{"embeddable":true,"href":"https:\/\/mariaclaraames.com\/en\/wp-json\/wp\/v2\/pages\/4136"}],"wp:attachment":[{"href":"https:\/\/mariaclaraames.com\/en\/wp-json\/wp\/v2\/media?parent=4123"}],"curies":[{"name":"wp","href":"https:\/\/api.w.org\/{rel}","templated":true}]}}